{"id":103,"date":"2015-06-04T11:24:54","date_gmt":"2015-06-04T11:24:54","guid":{"rendered":"http:\/\/magyaregres.eu\/?page_id=103"},"modified":"2021-11-27T17:29:02","modified_gmt":"2021-11-27T17:29:02","slug":"iranytu","status":"publish","type":"page","link":"http:\/\/magyaregres.eu\/index.php\/iranytu\/","title":{"rendered":"Tov\u00e1bbi Oldalaink"},"content":{"rendered":"<p>Kezd\u0151lap &#8211; <a href=\"http:\/\/magyaregres.eu\/\" target=\"_blank\" rel=\"noopener\">http:\/\/magyaregres.eu\/<\/a><\/p>\n<p>H\u00edreink &#8211;&nbsp;<a href=\"http:\/\/magyaregres.eu\/index.php\/hireink\/\" target=\"_blank\" rel=\"noopener\">http:\/\/magyaregres.eu\/index.php\/hireink\/<\/a><\/p>\n<p>K\u00f6z\u00f6s \u00d6nkorm\u00e1nyzati Hivatal &#8211; <a href=\"http:\/\/magyaregres.eu\/index.php\/iranytu\/ugyintezes\/kozos-onkormanyzati-hivatal\/\" target=\"_blank\" rel=\"noopener\">http:\/\/magyaregres.eu\/index.php\/iranytu\/ugyintezes\/kozos-onkormanyzati-hivatal\/<\/a><\/p>\n<p>\u00dcgyint\u00e9z\u00e9s Magyaregresen &#8211; <a href=\"http:\/\/magyaregres.eu\/index.php\/iranytu\/ugyintezes\/elerhetoseg-ugyfelfogadasi-rend\/\" target=\"_blank\" rel=\"noopener\">http:\/\/magyaregres.eu\/index.php\/iranytu\/ugyintezes\/<\/a><\/p>\n<p>Rendeletek &#8211;&nbsp;<a href=\"http:\/\/magyaregres.eu\/index.php\/iranytu\/ugyintezes\/rendeletek\/\" target=\"_blank\" rel=\"noopener\">http:\/\/magyaregres.eu\/index.php\/iranytu\/ugyintezes\/rendeletek\/<\/a><\/p>\n<p>Let\u00f6lt\u00e9sek &#8211;&nbsp;<a href=\"http:\/\/magyaregres.eu\/index.php\/iranytu\/ugyintezes\/letoltesek\/\" target=\"_blank\" rel=\"noopener\">http:\/\/magyaregres.eu\/index.php\/iranytu\/ugyintezes\/letoltesek\/<\/a><\/p>\n<p>Eg\u00e9szs\u00e9g\u00fcgyi ell\u00e1t\u00e1sok &#8211;&nbsp;<a href=\"http:\/\/magyaregres.eu\/index.php\/iranytu\/egeszsegugy-es-szocialis-ellatasok\/egeszsegugyi-ellatasok\/\" target=\"_blank\" rel=\"noopener\">http:\/\/magyaregres.eu\/index.php\/iranytu\/egeszsegugy-es-szocialis-ellatasok\/egeszsegugyi-ellatasok\/<\/a><\/p>\n<p>Csal\u00e1dseg\u00edt\u0151 \u00e9s Gyermekj\u00f3l\u00e9ti Szolg\u00e1lat &#8211;&nbsp; <a href=\"http:\/\/magyaregres.eu\/index.php\/iranytu\/egeszsegugy-es-szocialis-ellatasok\/csaladsegito-es-gyermekjoleti-szolgalat\/\" target=\"_blank\" rel=\"noopener\">http:\/\/magyaregres.eu\/index.php\/iranytu\/egeszsegugy-es-szocialis-ellatasok\/csaladsegito-es-gyermekjoleti-szolgalat\/<\/a><\/p>\n<p>Szoci\u00e1lis ell\u00e1t\u00e1sok &#8211;&nbsp;<a href=\"http:\/\/magyaregres.eu\/index.php\/iranytu\/egeszsegugy-es-szocialis-ellatasok\/szocialis-ellatasok\/\" target=\"_blank\" rel=\"noopener\">http:\/\/magyaregres.eu\/index.php\/iranytu\/egeszsegugy-es-szocialis-ellatasok\/szocialis-ellatasok\/<\/a><\/p>\n<p>M\u0171vel\u0151d\u00e9s, kult\u00fara &#8211;&nbsp;<a href=\"http:\/\/magyaregres.eu\/index.php\/iranytu\/muvelodes-egyhaz\/muvelodes-kultura\/\" target=\"_blank\" rel=\"noopener\">http:\/\/magyaregres.eu\/index.php\/iranytu\/muvelodes-egyhaz\/muvelodes-kultura\/<\/a><\/p>\n<p>Magyaregres temploma \u00e9s Egyh\u00e1zk\u00f6zs\u00e9ge &#8211; <a href=\"http:\/\/magyaregres.eu\/index.php\/iranytu\/muvelodes-egyhaz\/magyaregres-temploma-es-egyhazkozsege\/\" target=\"_blank\" rel=\"noopener\">http:\/\/magyaregres.eu\/index.php\/iranytu\/muvelodes-egyhaz\/magyaregres-temploma-es-egyhazkozsege\/<\/a><\/p>\n<p>Civil Szervezetek &#8211;&nbsp;<a href=\"http:\/\/magyaregres.eu\/index.php\/iranytu\/civil-szervezetek\/\" target=\"_blank\" rel=\"noopener\">http:\/\/magyaregres.eu\/index.php\/iranytu\/civil-szervezetek\/<\/a><\/p>\n<p>K\u00f6z\u00e9rdek\u0171 adatok &#8211;<a href=\"http:\/\/magyaregres.eu\/index.php\/iranytu\/kozerdeku-adatok\/\" target=\"_blank\" rel=\"noopener\">&nbsp;http:\/\/magyaregres.eu\/index.php\/iranytu\/kozerdeku-adatok<\/a>\/<\/p>\n<p>K\u00f6z\u00e9rdek\u0171 inform\u00e1ci\u00f3k &#8211;&nbsp;<a href=\"http:\/\/magyaregres.eu\/index.php\/iranytu\/kozerdeku-informaciok\/\" target=\"_blank\" rel=\"noopener\">http:\/\/magyaregres.eu\/index.php\/iranytu\/kozerdeku-informaciok\/<\/a><\/p>\n<p>Gal\u00e9ria &#8211;<a href=\"https:\/\/www.dropbox.com\/sh\/yb1r3zxt3sf41wx\/AAAnaExb1Soo4E_7amWhdaIYa?dl=0\"> https:\/\/www.dropbox.com\/sh\/yb1r3zxt3sf41wx\/AAAnaExb1Soo4E_7amWhdaIYa?dl=0<\/a><\/p>\n<p>&nbsp;<\/p>\n","protected":false},"excerpt":{"rendered":"<div class=\"entry-summary\">\nKezd\u0151lap &#8211; http:\/\/magyaregres.eu\/ H\u00edreink &#8211;&nbsp;http:\/\/magyaregres.eu\/index.php\/hireink\/ K\u00f6z\u00f6s \u00d6nkorm\u00e1nyzati Hivatal &#8211; http:\/\/magyaregres.eu\/index.php\/iranytu\/ugyintezes\/kozos-onkormanyzati-hivatal\/ \u00dcgyint\u00e9z\u00e9s Magyaregresen &#8211; http:\/\/magyaregres.eu\/index.php\/iranytu\/ugyintezes\/ Rendeletek &#8211;&nbsp;http:\/\/magyaregres.eu\/index.php\/iranytu\/ugyintezes\/rendeletek\/ Let\u00f6lt\u00e9sek &#8211;&nbsp;http:\/\/magyaregres.eu\/index.php\/iranytu\/ugyintezes\/letoltesek\/ Eg\u00e9szs\u00e9g\u00fcgyi ell\u00e1t\u00e1sok &#8211;&nbsp;http:\/\/magyaregres.eu\/index.php\/iranytu\/egeszsegugy-es-szocialis-ellatasok\/egeszsegugyi-ellatasok\/ Csal\u00e1dseg\u00edt\u0151 \u00e9s Gyermekj\u00f3l\u00e9ti Szolg\u00e1lat &#8211;&nbsp; http:\/\/magyaregres.eu\/index.php\/iranytu\/egeszsegugy-es-szocialis-ellatasok\/csaladsegito-es-gyermekjoleti-szolgalat\/ Szoci\u00e1lis ell\u00e1t\u00e1sok &#8211;&nbsp;http:\/\/magyaregres.eu\/index.php\/iranytu\/egeszsegugy-es-szocialis-ellatasok\/szocialis-ellatasok\/ M\u0171vel\u0151d\u00e9s, kult\u00fara &#8211;&nbsp;http:\/\/magyaregres.eu\/index.php\/iranytu\/muvelodes-egyhaz\/muvelodes-kultura\/ Magyaregres temploma \u00e9s Egyh\u00e1zk\u00f6zs\u00e9ge &#8211; http:\/\/magyaregres.eu\/index.php\/iranytu\/muvelodes-egyhaz\/magyaregres-temploma-es-egyhazkozsege\/ Civil&hellip;\n<\/div>\n<div class=\"link-more\"><a href=\"http:\/\/magyaregres.eu\/index.php\/iranytu\/\" class=\"more-link\">Continue reading<span class=\"screen-reader-text\"> &ldquo;Tov\u00e1bbi Oldalaink&rdquo;<\/span>&hellip;<\/a><\/div>\n","protected":false},"author":1,"featured_media":0,"parent":0,"menu_order":3,"comment_status":"closed","ping_status":"closed","template":"","meta":{"ngg_post_thumbnail":0,"footnotes":""},"class_list":["post-103","page","type-page","status-publish","hentry","entry"],"_links":{"self":[{"href":"http:\/\/magyaregres.eu\/index.php\/wp-json\/wp\/v2\/pages\/103","targetHints":{"allow":["GET"]}}],"collection":[{"href":"http:\/\/magyaregres.eu\/index.php\/wp-json\/wp\/v2\/pages"}],"about":[{"href":"http:\/\/magyaregres.eu\/index.php\/wp-json\/wp\/v2\/types\/page"}],"author":[{"embeddable":true,"href":"http:\/\/magyaregres.eu\/index.php\/wp-json\/wp\/v2\/users\/1"}],"replies":[{"embeddable":true,"href":"http:\/\/magyaregres.eu\/index.php\/wp-json\/wp\/v2\/comments?post=103"}],"version-history":[{"count":9,"href":"http:\/\/magyaregres.eu\/index.php\/wp-json\/wp\/v2\/pages\/103\/revisions"}],"predecessor-version":[{"id":1603,"href":"http:\/\/magyaregres.eu\/index.php\/wp-json\/wp\/v2\/pages\/103\/revisions\/1603"}],"wp:attachment":[{"href":"http:\/\/magyaregres.eu\/index.php\/wp-json\/wp\/v2\/media?parent=103"}],"curies":[{"name":"wp","href":"https:\/\/api.w.org\/{rel}","templated":true}]}}