{"id":1747,"date":"2023-09-06T10:52:26","date_gmt":"2023-09-06T10:52:26","guid":{"rendered":"https:\/\/magyaregres.eu\/?page_id=1747"},"modified":"2023-09-06T10:52:26","modified_gmt":"2023-09-06T10:52:26","slug":"vp6-19-2-1-31-2-2-1-17-juta-sportcentrum-jatszoter-hintak-es-kerekhinta-utescsillapito-burkolat-epitese-cimu-palyazat","status":"publish","type":"page","link":"http:\/\/magyaregres.eu\/index.php\/vp6-19-2-1-31-2-2-1-17-juta-sportcentrum-jatszoter-hintak-es-kerekhinta-utescsillapito-burkolat-epitese-cimu-palyazat\/","title":{"rendered":"VP6-19.2.1.-31- 2.2.1-17-\u201eJuta Sportcentrum j\u00e1tsz\u00f3t\u00e9r hint\u00e1k \u00e9s kerekhinta  \u00fct\u00e9scsillap\u00edt\u00f3 burkolat \u00e9p\u00edt\u00e9se\u201d c\u00edm\u0171 p\u00e1ly\u00e1zat"},"content":{"rendered":"<a href=\"http:\/\/magyaregres.eu\/wp-content\/uploads\/2023\/09\/Irasbeli-beszamolo.pdf\" class=\"pdfemb-viewer\" style=\"\" data-width=\"max\" data-height=\"max\" data-toolbar=\"bottom\" data-toolbar-fixed=\"on\">\u00cdr\u00e1sbeli besz\u00e1mol\u00f3<\/a>\n","protected":false},"excerpt":{"rendered":"<div class=\"link-more\"><a href=\"http:\/\/magyaregres.eu\/index.php\/vp6-19-2-1-31-2-2-1-17-juta-sportcentrum-jatszoter-hintak-es-kerekhinta-utescsillapito-burkolat-epitese-cimu-palyazat\/\" class=\"more-link\">Continue reading<span class=\"screen-reader-text\"> &ldquo;VP6-19.2.1.-31- 2.2.1-17-\u201eJuta Sportcentrum j\u00e1tsz\u00f3t\u00e9r hint\u00e1k \u00e9s kerekhinta  \u00fct\u00e9scsillap\u00edt\u00f3 burkolat \u00e9p\u00edt\u00e9se\u201d c\u00edm\u0171 p\u00e1ly\u00e1zat&rdquo;<\/span>&hellip;<\/a><\/div>\n","protected":false},"author":1,"featured_media":0,"parent":0,"menu_order":0,"comment_status":"closed","ping_status":"closed","template":"","meta":{"ngg_post_thumbnail":0,"footnotes":""},"class_list":["post-1747","page","type-page","status-publish","hentry","entry"],"_links":{"self":[{"href":"http:\/\/magyaregres.eu\/index.php\/wp-json\/wp\/v2\/pages\/1747","targetHints":{"allow":["GET"]}}],"collection":[{"href":"http:\/\/magyaregres.eu\/index.php\/wp-json\/wp\/v2\/pages"}],"about":[{"href":"http:\/\/magyaregres.eu\/index.php\/wp-json\/wp\/v2\/types\/page"}],"author":[{"embeddable":true,"href":"http:\/\/magyaregres.eu\/index.php\/wp-json\/wp\/v2\/users\/1"}],"replies":[{"embeddable":true,"href":"http:\/\/magyaregres.eu\/index.php\/wp-json\/wp\/v2\/comments?post=1747"}],"version-history":[{"count":1,"href":"http:\/\/magyaregres.eu\/index.php\/wp-json\/wp\/v2\/pages\/1747\/revisions"}],"predecessor-version":[{"id":1749,"href":"http:\/\/magyaregres.eu\/index.php\/wp-json\/wp\/v2\/pages\/1747\/revisions\/1749"}],"wp:attachment":[{"href":"http:\/\/magyaregres.eu\/index.php\/wp-json\/wp\/v2\/media?parent=1747"}],"curies":[{"name":"wp","href":"https:\/\/api.w.org\/{rel}","templated":true}]}}