{"id":35,"date":"2015-04-18T16:11:50","date_gmt":"2015-04-18T15:11:50","guid":{"rendered":"http:\/\/magyaregres.freevar.com\/oldal\/?page_id=35"},"modified":"2017-12-01T16:16:13","modified_gmt":"2017-12-01T16:16:13","slug":"letoltesek","status":"publish","type":"page","link":"http:\/\/magyaregres.eu\/index.php\/iranytu\/ugyintezes\/letoltesek\/","title":{"rendered":"Let\u00f6lt\u00e9sek"},"content":{"rendered":"<ul>\n<li><strong><a href=\"http:\/\/juta.hu\/wp-content\/uploads\/2017\/10\/IPA-bevall%C3%A1s.doc\" target=\"_blank\" rel=\"noopener\">Nyomtatv\u00e1ny az ipar\u0171z\u00e9si ad\u00f3 bevall\u00e1s\u00e1hoz<\/a><\/strong><\/li>\n<li><strong><a href=\"http:\/\/juta.hu\/wp-content\/uploads\/2017\/10\/Telep%C3%BCl%C3%A9si-seg%C3%A9ly-nyt..doc\" target=\"_blank\" rel=\"noopener\">Telep\u00fcl\u00e9si t\u00e1mogat\u00e1s ir\u00e1nti k\u00e9relem<\/a><\/strong><\/li>\n<li><a href=\"http:\/\/juta.hu\/wp-content\/uploads\/2017\/10\/Rendszeres-gyermekv%C3%A9delmi-kedvezm%C3%A9ny-k%C3%A9relem.doc\" target=\"_blank\" rel=\"noopener\"><strong>Rendszeres gyermekv\u00e9delmi kedvezm\u00e9ny k\u00e9relem<\/strong><\/a><\/li>\n<\/ul>\n","protected":false},"excerpt":{"rendered":"<div class=\"entry-summary\">\nNyomtatv\u00e1ny az ipar\u0171z\u00e9si ad\u00f3 bevall\u00e1s\u00e1hoz Telep\u00fcl\u00e9si t\u00e1mogat\u00e1s ir\u00e1nti k\u00e9relem Rendszeres gyermekv\u00e9delmi kedvezm\u00e9ny k\u00e9relem\n<\/div>\n<div class=\"link-more\"><a href=\"http:\/\/magyaregres.eu\/index.php\/iranytu\/ugyintezes\/letoltesek\/\" class=\"more-link\">Continue reading<span class=\"screen-reader-text\"> &ldquo;Let\u00f6lt\u00e9sek&rdquo;<\/span>&hellip;<\/a><\/div>\n","protected":false},"author":1,"featured_media":0,"parent":16,"menu_order":4,"comment_status":"closed","ping_status":"closed","template":"","meta":{"ngg_post_thumbnail":0,"footnotes":""},"class_list":["post-35","page","type-page","status-publish","hentry","entry"],"_links":{"self":[{"href":"http:\/\/magyaregres.eu\/index.php\/wp-json\/wp\/v2\/pages\/35","targetHints":{"allow":["GET"]}}],"collection":[{"href":"http:\/\/magyaregres.eu\/index.php\/wp-json\/wp\/v2\/pages"}],"about":[{"href":"http:\/\/magyaregres.eu\/index.php\/wp-json\/wp\/v2\/types\/page"}],"author":[{"embeddable":true,"href":"http:\/\/magyaregres.eu\/index.php\/wp-json\/wp\/v2\/users\/1"}],"replies":[{"embeddable":true,"href":"http:\/\/magyaregres.eu\/index.php\/wp-json\/wp\/v2\/comments?post=35"}],"version-history":[{"count":4,"href":"http:\/\/magyaregres.eu\/index.php\/wp-json\/wp\/v2\/pages\/35\/revisions"}],"predecessor-version":[{"id":651,"href":"http:\/\/magyaregres.eu\/index.php\/wp-json\/wp\/v2\/pages\/35\/revisions\/651"}],"up":[{"embeddable":true,"href":"http:\/\/magyaregres.eu\/index.php\/wp-json\/wp\/v2\/pages\/16"}],"wp:attachment":[{"href":"http:\/\/magyaregres.eu\/index.php\/wp-json\/wp\/v2\/media?parent=35"}],"curies":[{"name":"wp","href":"https:\/\/api.w.org\/{rel}","templated":true}]}}