{"id":48,"date":"2015-04-18T16:19:46","date_gmt":"2015-04-18T15:19:46","guid":{"rendered":"http:\/\/magyaregres.freevar.com\/oldal\/?page_id=48"},"modified":"2015-04-18T16:19:46","modified_gmt":"2015-04-18T15:19:46","slug":"muvelodes-kultura","status":"publish","type":"page","link":"http:\/\/magyaregres.eu\/index.php\/iranytu\/muvelodes-egyhaz\/muvelodes-kultura\/","title":{"rendered":"M\u0171vel\u0151d\u00e9s, kult\u00fara"},"content":{"rendered":"<h2 style=\"text-align: center;\"><b>K\u00f6nyvt\u00e1r<\/b><\/h2>\n<ul>\n<ul style=\"text-align: center;\">7441 Magyaregres, D\u00f3zsa Gy. u. 8.<\/ul>\n<\/ul>\n<p style=\"text-align: center;\"><strong>Vezet\u00f5: P\u00e9ter Tam\u00e1s<\/strong><\/p>\n<p style=\"text-align: center;\">nyitva tart\u00e1s:\u00a0kedd \u00e9s cs\u00fct\u00f6rt\u00f6k: 18-20 \u00f3r\u00e1ig<\/p>\n<p>&nbsp;<\/p>\n","protected":false},"excerpt":{"rendered":"<div class=\"entry-summary\">\nK\u00f6nyvt\u00e1r 7441 Magyaregres, D\u00f3zsa Gy. u. 8. Vezet\u00f5: P\u00e9ter Tam\u00e1s nyitva tart\u00e1s:\u00a0kedd \u00e9s cs\u00fct\u00f6rt\u00f6k: 18-20 \u00f3r\u00e1ig &nbsp;\n<\/div>\n<div class=\"link-more\"><a href=\"http:\/\/magyaregres.eu\/index.php\/iranytu\/muvelodes-egyhaz\/muvelodes-kultura\/\" class=\"more-link\">Continue reading<span class=\"screen-reader-text\"> &ldquo;M\u0171vel\u0151d\u00e9s, kult\u00fara&rdquo;<\/span>&hellip;<\/a><\/div>\n","protected":false},"author":1,"featured_media":0,"parent":46,"menu_order":1,"comment_status":"closed","ping_status":"closed","template":"","meta":{"ngg_post_thumbnail":0,"footnotes":""},"class_list":["post-48","page","type-page","status-publish","hentry","entry"],"_links":{"self":[{"href":"http:\/\/magyaregres.eu\/index.php\/wp-json\/wp\/v2\/pages\/48","targetHints":{"allow":["GET"]}}],"collection":[{"href":"http:\/\/magyaregres.eu\/index.php\/wp-json\/wp\/v2\/pages"}],"about":[{"href":"http:\/\/magyaregres.eu\/index.php\/wp-json\/wp\/v2\/types\/page"}],"author":[{"embeddable":true,"href":"http:\/\/magyaregres.eu\/index.php\/wp-json\/wp\/v2\/users\/1"}],"replies":[{"embeddable":true,"href":"http:\/\/magyaregres.eu\/index.php\/wp-json\/wp\/v2\/comments?post=48"}],"version-history":[{"count":0,"href":"http:\/\/magyaregres.eu\/index.php\/wp-json\/wp\/v2\/pages\/48\/revisions"}],"up":[{"embeddable":true,"href":"http:\/\/magyaregres.eu\/index.php\/wp-json\/wp\/v2\/pages\/46"}],"wp:attachment":[{"href":"http:\/\/magyaregres.eu\/index.php\/wp-json\/wp\/v2\/media?parent=48"}],"curies":[{"name":"wp","href":"https:\/\/api.w.org\/{rel}","templated":true}]}}