{"id":1275,"date":"2019-01-26T10:39:42","date_gmt":"2019-01-26T10:39:42","guid":{"rendered":"http:\/\/magyaregres.eu\/?page_id=1275"},"modified":"2019-02-09T10:23:19","modified_gmt":"2019-02-09T10:23:19","slug":"vp6-7-2-1-7-4-1-2-16-palyazati-projekt","status":"publish","type":"page","link":"https:\/\/magyaregres.eu\/index.php\/vp6-7-2-1-7-4-1-2-16-palyazati-projekt\/","title":{"rendered":"VP6-7.2.1-7.4.1.2-16 p\u00e1ly\u00e1zati projekt"},"content":{"rendered":"<p><a href=\"http:\/\/magyaregres.eu\/wp-content\/uploads\/2019\/01\/logo-2.png\"><img loading=\"lazy\" decoding=\"async\" class=\"wp-image-1277 alignright\" src=\"http:\/\/magyaregres.eu\/wp-content\/uploads\/2019\/01\/logo-2-300x91.png\" alt=\"\" width=\"450\" height=\"137\" srcset=\"https:\/\/magyaregres.eu\/wp-content\/uploads\/2019\/01\/logo-2-300x91.png 300w, https:\/\/magyaregres.eu\/wp-content\/uploads\/2019\/01\/logo-2.png 568w\" sizes=\"auto, (max-width: 450px) 100vw, 450px\" \/><\/a><\/p>\n<p><a href=\"http:\/\/magyaregres.eu\/wp-content\/uploads\/2019\/01\/szechenyi2020_pic2.png\"><img loading=\"lazy\" decoding=\"async\" class=\"alignnone wp-image-1276\" src=\"http:\/\/magyaregres.eu\/wp-content\/uploads\/2019\/01\/szechenyi2020_pic2-219x300.png\" alt=\"\" width=\"44\" height=\"60\" srcset=\"https:\/\/magyaregres.eu\/wp-content\/uploads\/2019\/01\/szechenyi2020_pic2-219x300.png 219w, https:\/\/magyaregres.eu\/wp-content\/uploads\/2019\/01\/szechenyi2020_pic2-197x270.png 197w, https:\/\/magyaregres.eu\/wp-content\/uploads\/2019\/01\/szechenyi2020_pic2.png 584w\" sizes=\"auto, (max-width: 44px) 100vw, 44px\" \/><\/a><\/p>\n<p style=\"text-align: left;\">a) <strong>a Kedvezm\u00e9nyezett neve:<\/strong> Magyaregres K\u00f6zs\u00e9gi \u00d6nkorm\u00e1nyzat<br \/>\nb) <strong>p\u00e1ly\u00e1zati felh\u00edv\u00e1s neve, k\u00f3dsz\u00e1ma:<\/strong> K\u00fclter\u00fcleti helyi k\u00f6zutak fejleszt\u00e9se, \u00f6nkorm\u00e1nyzati utak kezel\u00e9s\u00e9hez, \u00e1llapotjav\u00edt\u00e1s\u00e1hoz, karbantart\u00e1s\u00e1hoz sz\u00fcks\u00e9ges er\u0151- \u00e9s munkag\u00e9pek beszerz\u00e9se (VP6-7.2.1-7.4.1.2-16)<br \/>\nc) <strong>a projekt c\u00edme, azonos\u00edt\u00f3 sz\u00e1ma:<\/strong> Juta, Magyaregres, Somogyaszal\u00f3 g\u00e9pbeszerz\u00e9se, 1826438374<br \/>\nd) <strong>a szerz\u0151d\u00f6tt t\u00e1mogat\u00e1s \u00f6sszege:<\/strong> 2 274 570 Ft<br \/>\ne) <strong>a t\u00e1mogat\u00e1s m\u00e9rt\u00e9ke (%-ban):<\/strong> 90,00 %<br \/>\nf) <strong>a projekt tartalm\u00e1nak r\u00f6vid bemutat\u00e1sa (500) karakter):<\/strong> Juta K\u00f6zs\u00e9g \u00d6nkorm\u00e1nyzata 1 db ARBOS P5100 Global traktort v\u00e1s\u00e1rolt. Magyaregres K\u00f6zs\u00e9gi \u00d6nkorm\u00e1nyzat 1 db BCRL170 sz\u00e1rz\u00faz\u00f3t, Somogyaszal\u00f3 K\u00f6zs\u00e9gi \u00d6nkorm\u00e1nyzat 1 db FG100 f\u00fcggesztett gr\u00e9dert szerezett be. A beszerz\u00e9sre ker\u00fcl\u0151 traktor alkalmas a megv\u00e1s\u00e1rolni k\u00edv\u00e1nt sz\u00e1rz\u00faz\u00f3, gr\u00e9der munkag\u00e9pek biztons\u00e1gos \u00e9s hat\u00e9kony \u00fczemeltet\u00e9s\u00e9re. Ezen g\u00e9pek haszn\u00e1lat\u00e1val konzorciumi meg\u00e1llapod\u00e1s alapj\u00e1n h\u00e1rom telep\u00fcl\u00e9s Juta, Magyaregres, Somogyaszal\u00f3 \u00fatjainak fel\u00faj\u00edt\u00e1si \u00e9s karbantart\u00e1si feladatai v\u00e9gezhet\u0151ek el k\u00f6lts\u00e9ghat\u00e9kony m\u00f3don. Juta k\u00f6zs\u00e9g \u00f6nkorm\u00e1nyzata ezen g\u00e9pek kezel\u00e9s\u00e9re jogosult szem\u00e9ly alkalmaz\u00e1s\u00e1t is v\u00e1llalja.<\/p>\n<p style=\"text-align: left;\">g)<strong> a projekt tervezett befejez\u00e9si d\u00e1tuma (ha megval\u00f3sult, akkor a t\u00e9nyleges befejez\u00e9s) 2019.01.25.<\/strong><\/p>\n<p style=\"text-align: center;\"><a href=\"http:\/\/magyaregres.eu\/wp-content\/uploads\/2019\/01\/Magyaregres-k\u00e9p-1.jpg\"><img loading=\"lazy\" decoding=\"async\" class=\"alignnone size-full wp-image-1279\" src=\"http:\/\/magyaregres.eu\/wp-content\/uploads\/2019\/01\/Magyaregres-k\u00e9p-1.jpg\" alt=\"\" width=\"497\" height=\"280\" srcset=\"https:\/\/magyaregres.eu\/wp-content\/uploads\/2019\/01\/Magyaregres-k\u00e9p-1.jpg 497w, https:\/\/magyaregres.eu\/wp-content\/uploads\/2019\/01\/Magyaregres-k\u00e9p-1-300x169.jpg 300w, https:\/\/magyaregres.eu\/wp-content\/uploads\/2019\/01\/Magyaregres-k\u00e9p-1-479x270.jpg 479w\" sizes=\"auto, (max-width: 497px) 100vw, 497px\" \/><\/a><\/p>\n<p style=\"text-align: center;\"><a href=\"http:\/\/magyaregres.eu\/wp-content\/uploads\/2019\/01\/Magyaregres-k\u00e9p-2.jpg\"><img loading=\"lazy\" decoding=\"async\" class=\"alignnone size-full wp-image-1280\" src=\"http:\/\/magyaregres.eu\/wp-content\/uploads\/2019\/01\/Magyaregres-k\u00e9p-2.jpg\" alt=\"\" width=\"497\" height=\"280\" srcset=\"https:\/\/magyaregres.eu\/wp-content\/uploads\/2019\/01\/Magyaregres-k\u00e9p-2.jpg 497w, https:\/\/magyaregres.eu\/wp-content\/uploads\/2019\/01\/Magyaregres-k\u00e9p-2-300x169.jpg 300w, https:\/\/magyaregres.eu\/wp-content\/uploads\/2019\/01\/Magyaregres-k\u00e9p-2-479x270.jpg 479w\" sizes=\"auto, (max-width: 497px) 100vw, 497px\" \/><\/a><\/p>\n","protected":false},"excerpt":{"rendered":"<div class=\"entry-summary\">\na) a Kedvezm\u00e9nyezett neve: Magyaregres K\u00f6zs\u00e9gi \u00d6nkorm\u00e1nyzat b) p\u00e1ly\u00e1zati felh\u00edv\u00e1s neve, k\u00f3dsz\u00e1ma: K\u00fclter\u00fcleti helyi k\u00f6zutak fejleszt\u00e9se, \u00f6nkorm\u00e1nyzati utak kezel\u00e9s\u00e9hez, \u00e1llapotjav\u00edt\u00e1s\u00e1hoz, karbantart\u00e1s\u00e1hoz sz\u00fcks\u00e9ges er\u0151- \u00e9s munkag\u00e9pek beszerz\u00e9se (VP6-7.2.1-7.4.1.2-16) c) a projekt c\u00edme, azonos\u00edt\u00f3 sz\u00e1ma: Juta, Magyaregres, Somogyaszal\u00f3 g\u00e9pbeszerz\u00e9se, 1826438374 d) a&hellip;\n<\/div>\n<div class=\"link-more\"><a href=\"https:\/\/magyaregres.eu\/index.php\/vp6-7-2-1-7-4-1-2-16-palyazati-projekt\/\" class=\"more-link\">Continue reading<span class=\"screen-reader-text\"> &ldquo;VP6-7.2.1-7.4.1.2-16 p\u00e1ly\u00e1zati projekt&rdquo;<\/span>&hellip;<\/a><\/div>\n","protected":false},"author":1,"featured_media":0,"parent":0,"menu_order":0,"comment_status":"closed","ping_status":"closed","template":"","meta":{"ngg_post_thumbnail":0,"footnotes":""},"class_list":["post-1275","page","type-page","status-publish","hentry","entry"],"_links":{"self":[{"href":"https:\/\/magyaregres.eu\/index.php\/wp-json\/wp\/v2\/pages\/1275","targetHints":{"allow":["GET"]}}],"collection":[{"href":"https:\/\/magyaregres.eu\/index.php\/wp-json\/wp\/v2\/pages"}],"about":[{"href":"https:\/\/magyaregres.eu\/index.php\/wp-json\/wp\/v2\/types\/page"}],"author":[{"embeddable":true,"href":"https:\/\/magyaregres.eu\/index.php\/wp-json\/wp\/v2\/users\/1"}],"replies":[{"embeddable":true,"href":"https:\/\/magyaregres.eu\/index.php\/wp-json\/wp\/v2\/comments?post=1275"}],"version-history":[{"count":6,"href":"https:\/\/magyaregres.eu\/index.php\/wp-json\/wp\/v2\/pages\/1275\/revisions"}],"predecessor-version":[{"id":1292,"href":"https:\/\/magyaregres.eu\/index.php\/wp-json\/wp\/v2\/pages\/1275\/revisions\/1292"}],"wp:attachment":[{"href":"https:\/\/magyaregres.eu\/index.php\/wp-json\/wp\/v2\/media?parent=1275"}],"curies":[{"name":"wp","href":"https:\/\/api.w.org\/{rel}","templated":true}]}}