{"id":1379,"date":"2020-03-26T08:17:14","date_gmt":"2020-03-26T08:17:14","guid":{"rendered":"http:\/\/magyaregres.eu\/?page_id=1379"},"modified":"2025-04-26T10:24:53","modified_gmt":"2025-04-26T10:24:53","slug":"magyar-falu-program","status":"publish","type":"page","link":"https:\/\/magyaregres.eu\/index.php\/magyar-falu-program\/","title":{"rendered":"Magyar Falu Program"},"content":{"rendered":"<p><a href=\"http:\/\/magyaregres.eu\/wp-content\/uploads\/2020\/03\/MFP.jpg\" target=\"_blank\" rel=\"noopener noreferrer\"><br \/>\n<img loading=\"lazy\" decoding=\"async\" class=\"aligncenter wp-image-1380\" src=\"http:\/\/magyaregres.eu\/wp-content\/uploads\/2020\/03\/MFP.jpg\" alt=\"\" width=\"200\" height=\"170\" srcset=\"https:\/\/magyaregres.eu\/wp-content\/uploads\/2020\/03\/MFP.jpg 500w, https:\/\/magyaregres.eu\/wp-content\/uploads\/2020\/03\/MFP-300x256.jpg 300w\" sizes=\"auto, (max-width: 200px) 100vw, 200px\" \/><\/a><\/p>\n<p class=\"yiv9906162368MsoNormal\" style=\"text-align: center;\"><span style=\"font-family: arial, helvetica, sans-serif; font-size: 16pt; color: #008000;\"><b>Magyaregres<\/b><\/span><\/p>\n<p><span style=\"font-family: arial, helvetica, sans-serif;\"><span style=\"font-size: 14pt;\"><b data-olk-copy-source=\"MessageBody\">Projekt c\u00edme:<\/b><\/span>&nbsp;<span style=\"font-size: 14pt;\">J\u00e1rdafel\u00faj\u00edt\u00e1s Magyaregresen<\/span><\/span><br \/>\n<span style=\"font-size: 14pt; font-family: arial, helvetica, sans-serif;\"><b>T\u00e1mogat\u00e1s \u00f6sszege:<\/b>&nbsp;9 999 999 Ft<\/span><br \/>\n<span style=\"font-size: 14pt; font-family: arial, helvetica, sans-serif;\"><b>Megval\u00f3s\u00edt\u00e1s \u00e9ve:<\/b>&nbsp;2025<\/span><br \/>\n<span style=\"font-size: 14pt; font-family: arial, helvetica, sans-serif;\"><b>Megval\u00f3s\u00edt\u00e1s helye:<\/b>&nbsp;7441 Magyaregres, 054 hrsz<\/span><br \/>\n<span style=\"font-size: 14pt; font-family: arial, helvetica, sans-serif;\"><b>T\u00e1mogatott:<\/b>&nbsp;MAGYAREGRES K\u00d6ZS\u00c9GI \u00d6NKORM\u00c1NYZAT<\/span><\/p>\n<p style=\"font-weight: 400;\"><span style=\"font-family: arial, helvetica, sans-serif; font-size: 14pt;\"><strong>Projekt c\u00edme:<\/strong> Kommun\u00e1lis eszk\u00f6z\u00f6k beszerz\u00e9se Magyaregresen<\/span><\/p>\n<p style=\"font-weight: 400;\"><span style=\"font-family: arial, helvetica, sans-serif; font-size: 14pt;\"><strong>T\u00e1mogat\u00e1s \u00f6sszege:<\/strong> 9 080 500 Ft<\/span><\/p>\n<p style=\"font-weight: 400;\"><span style=\"font-family: arial, helvetica, sans-serif; font-size: 14pt;\"><strong>Megval\u00f3s\u00edt\u00e1s \u00e9ve:<\/strong> 2024<\/span><\/p>\n<p style=\"font-weight: 400;\"><span style=\"font-family: arial, helvetica, sans-serif; font-size: 14pt;\"><strong>Megval\u00f3s\u00edt\u00e1s helye:<\/strong> 7441 Magyaregres, D\u00f3zsa Gy\u00f6rgy utca 8<\/span><\/p>\n<p style=\"font-weight: 400;\"><span style=\"font-family: arial, helvetica, sans-serif; font-size: 14pt;\"><strong>T\u00e1mogatott:<\/strong> MAGYAREGRES K\u00d6ZS\u00c9GI \u00d6NKORM\u00c1NYZAT<\/span><\/p>\n<hr>\n<p><span style=\"font-family: arial, helvetica, sans-serif; font-size: 14pt;\"><strong>Projekt c\u00edme:<\/strong> K\u00f6z\u00f6ss\u00e9gszervez\u00e9s Magyaregresen<\/span><\/p>\n<p><span style=\"background-color: var(--color_content_background); color: var(--color_content_text); font-family: arial, helvetica, sans-serif; font-size: 14pt;\"><strong>T\u00e1mogat\u00e1s \u00f6sszege:<\/strong> 5 525 598 Ft<\/span><\/p>\n<p><span style=\"background-color: var(--color_content_background); color: var(--color_content_text); font-family: arial, helvetica, sans-serif; font-size: 14pt;\"><strong>Megval\u00f3s\u00edt\u00e1s \u00e9ve:<\/strong> 2022<\/span><\/p>\n<p><span style=\"background-color: var(--color_content_background); color: var(--color_content_text); font-family: arial, helvetica, sans-serif; font-size: 14pt;\"><strong>Megval\u00f3s\u00edt\u00e1s helye:<\/strong> 7441 Magyaregres D\u00f3zsa Gy\u00f6rgy utca 8<\/span><\/p>\n<p><span style=\"background-color: var(--color_content_background); color: var(--color_content_text); font-family: arial, helvetica, sans-serif; font-size: 14pt;\"><strong>T\u00e1mogatott:<\/strong> MAGYAREGRES K\u00d6ZS\u00c9GI \u00d6NKORM\u00c1NYZAT<\/span><\/p>\n<hr>\n<hr>\n<p><span style=\"font-size: 14pt; font-family: arial, helvetica, sans-serif;\"><strong>Projekt c\u00edme:<\/strong> J\u00f3zsef Attila \u00e9s Pet\u0151fi S\u00e1ndor utc\u00e1k fel\u00faj\u00edt\u00e1sa<\/span><\/p>\n<p><span style=\"font-family: arial, helvetica, sans-serif; font-size: 14pt;\"><strong>T\u00e1mogat\u00e1s \u00f6sszege:<\/strong> <a href=\"tel:32 411 520\">32 411 520<\/a> Ft<\/span><\/p>\n<p><span style=\"font-family: arial, helvetica, sans-serif; font-size: 14pt;\"><strong>Megval\u00f3s\u00edt\u00e1s \u00e9ve:<\/strong> 2022<\/span><\/p>\n<p><span style=\"font-family: arial, helvetica, sans-serif; font-size: 14pt;\"><strong>Megval\u00f3s\u00edt\u00e1s helye:<\/strong> Magyaregres, J\u00f3zsef Attila utca (349 Hrsz), Pet\u0151fi S\u00e1ndor utca (165 Hrsz)<\/span><\/p>\n<p><span style=\"font-family: arial, helvetica, sans-serif; font-size: 14pt;\"><strong>T\u00e1mogatott:<\/strong> MAGYAREGRES K\u00d6ZS\u00c9GI \u00d6NKORM\u00c1NYZAT<\/span><\/p>\n<hr>\n<p><span style=\"font-size: 14pt; font-family: arial, helvetica, sans-serif;\"><strong>Projekt c\u00edme:<\/strong> Kommun\u00e1lis eszk\u00f6z\u00f6k beszerz\u00e9se Magyaregresen<\/span><\/p>\n<p><span style=\"font-size: 14pt; font-family: arial, helvetica, sans-serif;\"><strong>T\u00e1mogat\u00e1s \u00f6sszege:<\/strong> 3 834 880 Ft<\/span><\/p>\n<p><span style=\"font-size: 14pt; font-family: arial, helvetica, sans-serif;\"><strong>Megval\u00f3s\u00edt\u00e1s \u00e9ve:<\/strong> 2022<\/span><\/p>\n<p><span style=\"font-size: 14pt; font-family: arial, helvetica, sans-serif;\"><strong>Megval\u00f3s\u00edt\u00e1s helye:<\/strong> 7441 Magyaregres, D\u00f3zsa Gy\u00f6rgy utca8.Hrsz)<\/span><\/p>\n<p><span style=\"font-family: arial, helvetica, sans-serif; font-size: 14pt;\"><strong>T\u00e1mogatott:<\/strong> MAGYAREGRES K\u00d6ZS\u00c9GI \u00d6NKORM\u00c1NYZAT<\/span><\/p>\n<hr>\n<p><span style=\"background-color: var(--color_content_background); color: var(--color_content_text); font-family: var(--typography_fonts_text);\"><span style=\"font-size: 14pt; font-family: arial, helvetica, sans-serif;\"><strong>Projekt c\u00edme:<\/strong> Tanyagondnoki busz beszerz\u00e9se Magyaregresen<\/span><\/span><\/p>\n<p><span style=\"font-family: arial, helvetica, sans-serif; font-size: 14pt;\"><strong>T\u00e1mogat\u00e1s \u00f6sszege:<\/strong> <a href=\"tel:14 951 934\">14 951 934<\/a> Ft<\/span><\/p>\n<p><span style=\"font-size: 14pt; font-family: arial, helvetica, sans-serif;\"><strong>Megval\u00f3s\u00edt\u00e1s \u00e9ve:<\/strong> 2022<\/span><\/p>\n<p><span style=\"font-size: 14pt; font-family: arial, helvetica, sans-serif;\"><strong>Megval\u00f3s\u00edt\u00e1s helye:<\/strong> 7441 Magyaregres, D\u00f3zsa Gy\u00f6rgy utca8.Hrsz)<\/span><\/p>\n<p><span style=\"font-size: 14pt; font-family: arial, helvetica, sans-serif;\"><strong>T\u00e1mogatott:<\/strong> MAGYAREGRES K\u00d6ZS\u00c9GI \u00d6NKORM\u00c1NYZAT<b style=\"color: #008000; text-align: center; background-color: var(--color_content_background);\">&nbsp;<\/b><\/span><\/p>\n<hr>\n<p class=\"yiv9906162368MsoNormal\" style=\"text-align: left;\"><span style=\"font-size: 16pt; font-family: arial, helvetica, sans-serif;\"><span style=\"font-size: 14pt;\">Magyaregres K\u00f6zs\u00e9gi \u00d6nkorm\u00e1nyzat p\u00e1ly\u00e1zata:<\/span> <\/span><span style=\"font-family: arial, helvetica, sans-serif; font-size: 14pt;\"><strong>K\u00f6zter\u00fclet karbantart\u00e1s\u00e1t szolg\u00e1l\u00f3 <\/strong><strong>e<\/strong><strong>szk\u00f6zbeszerz\u00e9s &#8211; 2020 felh\u00edv\u00e1s,<\/strong><\/span><\/p>\n<p><span style=\"font-size: 16pt;\"><span style=\"font-family: arial, helvetica, sans-serif;\">k\u00f3dsz\u00e1m: <\/span><span style=\"font-size: 14pt; font-family: arial, helvetica, sans-serif;\"><strong>MFP-KKE\/2020&nbsp;<\/strong><\/span><\/span><\/p>\n<p><span style=\"font-size: 14pt; font-family: arial, helvetica, sans-serif;\">elnyert t\u00e1mogat\u00e1s: <strong>5 799 999 Ft<\/strong><\/span><\/p>\n<hr>\n<p><span style=\"font-size: 14pt; font-family: arial, helvetica, sans-serif;\"><strong><span style=\"color: var(--color_content_text); background-color: var(--color_content_background);\">Projekt c\u00edme:<\/span> <\/strong><span style=\"color: var(--color_content_text); background-color: var(--color_content_background);\">KOSSUTH LAJOS UTCA FEL\u00daJ\u00cdT\u00c1SA<\/span><strong><br \/>\n<\/strong><\/span><\/p>\n<p><strong><span style=\"font-size: 14pt; font-family: arial, helvetica, sans-serif;\">T\u00e1mogat\u00e1s \u00f6sszege:<\/span><\/strong><span style=\"font-size: 14pt; font-family: arial, helvetica, sans-serif;\">20.153.147,-Ft<\/span><br \/>\n<strong><span style=\"font-size: 14pt; font-family: arial, helvetica, sans-serif;\">Megval\u00f3s\u00edt\u00e1s \u00e9ve:<\/span><\/strong><span style=\"font-size: 14pt; font-family: arial, helvetica, sans-serif;\">2021<\/span><br \/>\n<span style=\"font-size: 16pt;\"><span style=\"font-family: arial, helvetica, sans-serif; font-size: 14pt;\"><strong>Megval\u00f3s\u00edt\u00e1s helye:<\/strong><\/span>&nbsp;<\/span> <span style=\"font-size: 14pt; font-family: arial, helvetica, sans-serif;\">MAGYAREGRES<\/span><br \/>\n<strong><span style=\"font-size: 14pt; font-family: arial, helvetica, sans-serif;\">T\u00e1mogatott:<\/span><\/strong><span style=\"font-size: 16pt;\"><span style=\"font-family: arial, helvetica, sans-serif; font-size: 14pt;\">MAGYAREGRES<\/span><\/span><span style=\"font-size: 14pt; font-family: arial, helvetica, sans-serif;\"> K\u00d6ZS\u00c9GI \u00d6NKORM\u00c1NYZAT<\/span><\/p>\n<hr>\n<p><span style=\"font-size: 14pt; font-family: arial, helvetica, sans-serif;\"><strong style=\"background-color: var(--color_content_background); color: var(--color_content_text);\">\u00d6nkorm\u00e1nyzati tulajdonban l\u00e9v\u0151 \u00fat-,h\u00edd\u00e9p\u00edt\u00e9s\/fel\u00faj\u00edt\u00e1s &#8211; 2020 &#8211;<\/strong><\/span> <span style=\"font-size: 14pt; background-color: var(--color_content_background); color: var(--color_content_text); font-family: arial, helvetica, sans-serif; text-decoration-line: underline;\">17.931 384 Ft<\/span><\/p>\n<hr>\n<p><span style=\"font-size: 14pt;\"><span style=\"background-color: var(--color_content_background); color: var(--color_content_text); font-family: var(--typography_fonts_text);\"><b><span style=\"font-family: arial, helvetica, sans-serif;\">A nemzeti \u00e9s helyi identit\u00e1studat er\u0151s\u00edt\u00e9se 2019 <\/span><\/b><strong><span style=\"font-family: arial, helvetica, sans-serif;\">&#8211; <\/span><\/strong><\/span><span style=\"background-color: var(--color_content_background); color: var(--color_content_text); font-family: var(--typography_fonts_text); text-decoration-line: underline;\"><span style=\"font-family: arial, helvetica, sans-serif;\">14.999 999 Ft<\/span><\/span><\/span><\/p>\n<hr>\n<p class=\"yiv9906162368MsoNormal\" style=\"text-align: left;\"><span style=\"font-family: arial, helvetica, sans-serif; font-size: 14pt;\"><span style=\"background-color: var(--color_content_background); color: var(--color_content_text);\"><b>Kistelep\u00fcl\u00e9sek j\u00e1rda \u00e9p\u00edt\u00e9s\u00e9nek, fel\u00faj\u00edt\u00e1s\u00e1nak anyagt\u00e1mogat\u00e1sa 2019 &#8211; <\/b><\/span><span style=\"background-color: var(--color_content_background); color: var(--color_content_text); text-decoration-line: underline;\">4.999 668 Ft<\/span><\/span><br \/>\n<b><\/b><\/p>\n<hr>\n<p>&nbsp;<\/p>\n","protected":false},"excerpt":{"rendered":"<div class=\"entry-summary\">\nMagyaregres Projekt c\u00edme:&nbsp;J\u00e1rdafel\u00faj\u00edt\u00e1s Magyaregresen T\u00e1mogat\u00e1s \u00f6sszege:&nbsp;9 999 999 Ft Megval\u00f3s\u00edt\u00e1s \u00e9ve:&nbsp;2025 Megval\u00f3s\u00edt\u00e1s helye:&nbsp;7441 Magyaregres, 054 hrsz T\u00e1mogatott:&nbsp;MAGYAREGRES K\u00d6ZS\u00c9GI \u00d6NKORM\u00c1NYZAT Projekt c\u00edme: Kommun\u00e1lis eszk\u00f6z\u00f6k beszerz\u00e9se Magyaregresen T\u00e1mogat\u00e1s \u00f6sszege: 9 080 500 Ft Megval\u00f3s\u00edt\u00e1s \u00e9ve: 2024 Megval\u00f3s\u00edt\u00e1s helye: 7441 Magyaregres, D\u00f3zsa Gy\u00f6rgy&hellip;\n<\/div>\n<div class=\"link-more\"><a href=\"https:\/\/magyaregres.eu\/index.php\/magyar-falu-program\/\" class=\"more-link\">Continue reading<span class=\"screen-reader-text\"> &ldquo;Magyar Falu Program&rdquo;<\/span>&hellip;<\/a><\/div>\n","protected":false},"author":1,"featured_media":0,"parent":0,"menu_order":0,"comment_status":"closed","ping_status":"closed","template":"","meta":{"ngg_post_thumbnail":0,"footnotes":""},"class_list":["post-1379","page","type-page","status-publish","hentry","entry"],"_links":{"self":[{"href":"https:\/\/magyaregres.eu\/index.php\/wp-json\/wp\/v2\/pages\/1379","targetHints":{"allow":["GET"]}}],"collection":[{"href":"https:\/\/magyaregres.eu\/index.php\/wp-json\/wp\/v2\/pages"}],"about":[{"href":"https:\/\/magyaregres.eu\/index.php\/wp-json\/wp\/v2\/types\/page"}],"author":[{"embeddable":true,"href":"https:\/\/magyaregres.eu\/index.php\/wp-json\/wp\/v2\/users\/1"}],"replies":[{"embeddable":true,"href":"https:\/\/magyaregres.eu\/index.php\/wp-json\/wp\/v2\/comments?post=1379"}],"version-history":[{"count":11,"href":"https:\/\/magyaregres.eu\/index.php\/wp-json\/wp\/v2\/pages\/1379\/revisions"}],"predecessor-version":[{"id":1881,"href":"https:\/\/magyaregres.eu\/index.php\/wp-json\/wp\/v2\/pages\/1379\/revisions\/1881"}],"wp:attachment":[{"href":"https:\/\/magyaregres.eu\/index.php\/wp-json\/wp\/v2\/media?parent=1379"}],"curies":[{"name":"wp","href":"https:\/\/api.w.org\/{rel}","templated":true}]}}