{"id":1600,"date":"2021-11-27T17:21:14","date_gmt":"2021-11-27T17:21:14","guid":{"rendered":"http:\/\/magyaregres.eu\/?page_id=1600"},"modified":"2021-11-27T17:21:14","modified_gmt":"2021-11-27T17:21:14","slug":"ugyintezes","status":"publish","type":"page","link":"https:\/\/magyaregres.eu\/index.php\/ugyintezes\/","title":{"rendered":"\u00dcgyint\u00e9z\u00e9s"},"content":{"rendered":"<p><a href=\"http:\/\/magyaregres.eu\/index.php\/elektronikus-ugyintezes\/\">Elektronikus \u00fcgyint\u00e9z\u00e9s \u2013 Magyaregres.eu<\/a><\/p>\n<p><a href=\"http:\/\/magyaregres.eu\/index.php\/iranytu\/ugyintezes\/kozos-onkormanyzati-hivatal\/\">K\u00f6z\u00f6s \u00d6nkorm\u00e1nyzati Hivatal \u2013 Magyaregres.eu<\/a><\/p>\n<p><a href=\"http:\/\/magyaregres.eu\/index.php\/iranytu\/ugyintezes\/elerhetoseg-ugyfelfogadasi-rend\/\">\u00dcgyint\u00e9z\u00e9s Magyaregresen \u2013 Magyaregres.eu<\/a><\/p>\n<p><a href=\"http:\/\/magyaregres.eu\/doc\/index.php\/s\/zSFM69K9Ey25Sle\">Dokumentumt\u00e1r<\/a><\/p>\n","protected":false},"excerpt":{"rendered":"<div class=\"entry-summary\">\nElektronikus \u00fcgyint\u00e9z\u00e9s \u2013 Magyaregres.eu K\u00f6z\u00f6s \u00d6nkorm\u00e1nyzati Hivatal \u2013 Magyaregres.eu \u00dcgyint\u00e9z\u00e9s Magyaregresen \u2013 Magyaregres.eu Dokumentumt\u00e1r\n<\/div>\n<div class=\"link-more\"><a href=\"https:\/\/magyaregres.eu\/index.php\/ugyintezes\/\" class=\"more-link\">Continue reading<span class=\"screen-reader-text\"> &ldquo;\u00dcgyint\u00e9z\u00e9s&rdquo;<\/span>&hellip;<\/a><\/div>\n","protected":false},"author":1,"featured_media":0,"parent":0,"menu_order":0,"comment_status":"closed","ping_status":"closed","template":"","meta":{"ngg_post_thumbnail":0,"footnotes":""},"class_list":["post-1600","page","type-page","status-publish","hentry","entry"],"_links":{"self":[{"href":"https:\/\/magyaregres.eu\/index.php\/wp-json\/wp\/v2\/pages\/1600","targetHints":{"allow":["GET"]}}],"collection":[{"href":"https:\/\/magyaregres.eu\/index.php\/wp-json\/wp\/v2\/pages"}],"about":[{"href":"https:\/\/magyaregres.eu\/index.php\/wp-json\/wp\/v2\/types\/page"}],"author":[{"embeddable":true,"href":"https:\/\/magyaregres.eu\/index.php\/wp-json\/wp\/v2\/users\/1"}],"replies":[{"embeddable":true,"href":"https:\/\/magyaregres.eu\/index.php\/wp-json\/wp\/v2\/comments?post=1600"}],"version-history":[{"count":1,"href":"https:\/\/magyaregres.eu\/index.php\/wp-json\/wp\/v2\/pages\/1600\/revisions"}],"predecessor-version":[{"id":1601,"href":"https:\/\/magyaregres.eu\/index.php\/wp-json\/wp\/v2\/pages\/1600\/revisions\/1601"}],"wp:attachment":[{"href":"https:\/\/magyaregres.eu\/index.php\/wp-json\/wp\/v2\/media?parent=1600"}],"curies":[{"name":"wp","href":"https:\/\/api.w.org\/{rel}","templated":true}]}}