{"id":1695,"date":"2023-01-26T11:53:49","date_gmt":"2023-01-26T11:53:49","guid":{"rendered":"http:\/\/magyaregres.eu\/?page_id=1695"},"modified":"2023-01-27T15:11:10","modified_gmt":"2023-01-27T15:11:10","slug":"eeor-kp-1-2021-1-001843-azonositoszamu-palyazati-program","status":"publish","type":"page","link":"https:\/\/magyaregres.eu\/index.php\/eeor-kp-1-2021-1-001843-azonositoszamu-palyazati-program\/","title":{"rendered":"EE\u00d6R-KP-1-2021\/1-001843 azonos\u00edt\u00f3sz\u00e1m\u00fa p\u00e1ly\u00e1zati program"},"content":{"rendered":"<p><a href=\"http:\/\/magyaregres.eu\/wp-content\/uploads\/2023\/01\/megvalosult_magyarorszag_korm_tamogatasaval_2022.jpg\"><img loading=\"lazy\" decoding=\"async\" class=\"alignnone wp-image-1700\" src=\"http:\/\/magyaregres.eu\/wp-content\/uploads\/2023\/01\/megvalosult_magyarorszag_korm_tamogatasaval_2022.jpg\" alt=\"\" width=\"497\" height=\"110\" srcset=\"https:\/\/magyaregres.eu\/wp-content\/uploads\/2023\/01\/megvalosult_magyarorszag_korm_tamogatasaval_2022.jpg 1497w, https:\/\/magyaregres.eu\/wp-content\/uploads\/2023\/01\/megvalosult_magyarorszag_korm_tamogatasaval_2022-300x67.jpg 300w, https:\/\/magyaregres.eu\/wp-content\/uploads\/2023\/01\/megvalosult_magyarorszag_korm_tamogatasaval_2022-1024x227.jpg 1024w, https:\/\/magyaregres.eu\/wp-content\/uploads\/2023\/01\/megvalosult_magyarorszag_korm_tamogatasaval_2022-768x170.jpg 768w, https:\/\/magyaregres.eu\/wp-content\/uploads\/2023\/01\/megvalosult_magyarorszag_korm_tamogatasaval_2022-600x133.jpg 600w\" sizes=\"auto, (max-width: 497px) 100vw, 497px\" \/><\/a><\/p>\n<p><strong>Magyaregresi Reform\u00e1tus Egyh\u00e1zk\u00f6zs\u00e9g EE\u00d6R-KP-1-2021\/1-001843 azonos\u00edt\u00f3sz\u00e1m\u00fa<\/strong><strong> \u201eA Magyaregresi Reform\u00e1tus templom vakolatainak jav\u00edt\u00e1sa a templom \u00fajra fest\u00e9se.\u201d c\u00edm\u0171 p\u00e1ly\u00e1zati programj\u00e1nak megval\u00f3s\u00edt\u00e1s\u00e1ra 15&nbsp;000&nbsp;000 Ft t\u00e1mogat\u00e1sban r\u00e9szes\u00fclt a Hazai Egyh\u00e1zi \u00e9s Nemzetis\u00e9gi T\u00e1mogat\u00e1sok program (2021) ezen bel\u00fcl az Egyh\u00e1zi \u00e9p\u00edtett \u00f6r\u00f6ks\u00e9g v\u00e9delme \u00e9s egy\u00e9b beruh\u00e1z\u00e1sok t\u00e1mogat\u00e1sa ki\u00edr\u00e1s keret\u00e9b\u0151l<\/strong><strong>.<\/strong><\/p>\n","protected":false},"excerpt":{"rendered":"<div class=\"entry-summary\">\nMagyaregresi Reform\u00e1tus Egyh\u00e1zk\u00f6zs\u00e9g EE\u00d6R-KP-1-2021\/1-001843 azonos\u00edt\u00f3sz\u00e1m\u00fa \u201eA Magyaregresi Reform\u00e1tus templom vakolatainak jav\u00edt\u00e1sa a templom \u00fajra fest\u00e9se.\u201d c\u00edm\u0171 p\u00e1ly\u00e1zati programj\u00e1nak megval\u00f3s\u00edt\u00e1s\u00e1ra 15&nbsp;000&nbsp;000 Ft t\u00e1mogat\u00e1sban r\u00e9szes\u00fclt a Hazai Egyh\u00e1zi \u00e9s Nemzetis\u00e9gi T\u00e1mogat\u00e1sok program (2021) ezen bel\u00fcl az Egyh\u00e1zi \u00e9p\u00edtett \u00f6r\u00f6ks\u00e9g v\u00e9delme \u00e9s egy\u00e9b&hellip;\n<\/div>\n<div class=\"link-more\"><a href=\"https:\/\/magyaregres.eu\/index.php\/eeor-kp-1-2021-1-001843-azonositoszamu-palyazati-program\/\" class=\"more-link\">Continue reading<span class=\"screen-reader-text\"> &ldquo;EE\u00d6R-KP-1-2021\/1-001843 azonos\u00edt\u00f3sz\u00e1m\u00fa p\u00e1ly\u00e1zati program&rdquo;<\/span>&hellip;<\/a><\/div>\n","protected":false},"author":1,"featured_media":0,"parent":0,"menu_order":0,"comment_status":"closed","ping_status":"closed","template":"","meta":{"ngg_post_thumbnail":0,"footnotes":""},"class_list":["post-1695","page","type-page","status-publish","hentry","entry"],"_links":{"self":[{"href":"https:\/\/magyaregres.eu\/index.php\/wp-json\/wp\/v2\/pages\/1695","targetHints":{"allow":["GET"]}}],"collection":[{"href":"https:\/\/magyaregres.eu\/index.php\/wp-json\/wp\/v2\/pages"}],"about":[{"href":"https:\/\/magyaregres.eu\/index.php\/wp-json\/wp\/v2\/types\/page"}],"author":[{"embeddable":true,"href":"https:\/\/magyaregres.eu\/index.php\/wp-json\/wp\/v2\/users\/1"}],"replies":[{"embeddable":true,"href":"https:\/\/magyaregres.eu\/index.php\/wp-json\/wp\/v2\/comments?post=1695"}],"version-history":[{"count":3,"href":"https:\/\/magyaregres.eu\/index.php\/wp-json\/wp\/v2\/pages\/1695\/revisions"}],"predecessor-version":[{"id":1701,"href":"https:\/\/magyaregres.eu\/index.php\/wp-json\/wp\/v2\/pages\/1695\/revisions\/1701"}],"wp:attachment":[{"href":"https:\/\/magyaregres.eu\/index.php\/wp-json\/wp\/v2\/media?parent=1695"}],"curies":[{"name":"wp","href":"https:\/\/api.w.org\/{rel}","templated":true}]}}