{"id":269,"date":"2015-06-07T12:35:44","date_gmt":"2015-06-07T12:35:44","guid":{"rendered":"http:\/\/magyaregres.eu\/?page_id=269"},"modified":"2023-10-05T10:36:07","modified_gmt":"2023-10-05T10:36:07","slug":"kozerdeku-adatok","status":"publish","type":"page","link":"https:\/\/magyaregres.eu\/index.php\/iranytu\/kozerdeku-adatok\/","title":{"rendered":"K\u00f6z\u00e9rdek\u0171 adatok"},"content":{"rendered":"<h2>Telep\u00fcl\u00e9s c\u00e9g telephelyeinek nyilv\u00e1ntart\u00e1sa<\/h2>\n<h4>Kereskedelmi \u00e9s ipari tev\u00e9kenys\u00e9gek k\u00f6r\u00e9nek nyilv\u00e1ntart\u00e1sa<\/h4>\n\n<!-- Generated using Document Gallery. Get yours here: http:\/\/wordpress.org\/extend\/plugins\/document-gallery -->\n<div id=\"document-gallery-1\" class=\"document-gallery\" data-shortcode='{\"id\":269,\"include\":\"1272,752\",\"exclude\":\"\",\"attachment_pg\":false,\"columns\":4,\"descriptions\":false,\"fancy\":true,\"limit\":-1,\"mime_types\":\"application,video,text,audio,image\",\"new_window\":false,\"order\":\"ASC\",\"orderby\":\"post__in\",\"paginate\":true,\"post_status\":\"any\",\"post_type\":\"attachment\",\"relation\":\"AND\",\"skip\":0}' style='--dg-icon-width: 24%'>\n<div class='document-icon-row'>\n   <div class=\"document-icon\">\n      <a href=\"https:\/\/magyaregres.eu\/wp-content\/uploads\/2018\/12\/Ipari-tev\u00e9kenys\u00e9g-nyilv\u00e1ntart\u00e1sa-Magyaregres_201812.xlsx\" target=\"_self\">\n         <img decoding=\"async\" src=\"https:\/\/magyaregres.eu\/wp-content\/plugins\/document-gallery\/src\/assets\/icons\/msxls.png\" title=\"Ipari tev\u00e9kenys\u00e9g nyilv\u00e1ntart\u00e1sa &#8211; Magyaregres_201812\" alt=\"Ipari tev\u00e9kenys\u00e9g nyilv\u00e1ntart\u00e1sa &#8211; Magyaregres_201812\" data-ext=\"xlsx\"\/>\n         <span class=\"title\">Ipari tev\u00e9kenys\u00e9g nyilv\u00e1ntart\u00e1sa &#8211; Magyaregres_201812<\/span>\n      <\/a>\n   <\/div>\n   <div class=\"document-icon\">\n      <a href=\"https:\/\/magyaregres.eu\/wp-content\/uploads\/2018\/04\/Kereskedelmi-tev\u00e9kenys\u00e9g-MAGYAREGRES.xlsx\" target=\"_self\">\n         <img decoding=\"async\" src=\"https:\/\/magyaregres.eu\/wp-content\/plugins\/document-gallery\/src\/assets\/icons\/msxls.png\" title=\"Kereskedelmi tev\u00e9kenys\u00e9g MAGYAREGRES\" alt=\"Kereskedelmi tev\u00e9kenys\u00e9g MAGYAREGRES\" data-ext=\"xlsx\"\/>\n         <span class=\"title\">Kereskedelmi tev\u00e9kenys\u00e9g MAGYAREGRES<\/span>\n      <\/a>\n   <\/div>\n\n<\/div>\n<\/div>\n<p><a href=\"http:\/\/magyaregres.eu\/wp-content\/uploads\/2018\/07\/Sz\u00e1ll\u00e1shely-szolg\u00e1ltat\u00f3k-Magyaregres.xlsx\">Sz\u00e1ll\u00e1shely-szolg\u00e1ltat\u00f3k &#8211; Magyaregres<\/a><\/p>\n<p><a href=\"https:\/\/www.facebook.com\/profile.php?id=61551926822755\">L\u00f3ra_J\u00f3<\/a><\/p>\n<p><a href=\"http:\/\/magyaregres.eu\/wp-content\/uploads\/2023\/10\/Screenshot_20231005-123432.png\"><img loading=\"lazy\" decoding=\"async\" class=\"alignnone size-medium wp-image-1765\" src=\"http:\/\/magyaregres.eu\/wp-content\/uploads\/2023\/10\/Screenshot_20231005-123432-300x239.png\" alt=\"\" width=\"300\" height=\"239\"><\/a><\/p>\n","protected":false},"excerpt":{"rendered":"<div class=\"entry-summary\">\nTelep\u00fcl\u00e9s c\u00e9g telephelyeinek nyilv\u00e1ntart\u00e1sa Kereskedelmi \u00e9s ipari tev\u00e9kenys\u00e9gek k\u00f6r\u00e9nek nyilv\u00e1ntart\u00e1sa Sz\u00e1ll\u00e1shely-szolg\u00e1ltat\u00f3k &#8211; Magyaregres L\u00f3ra_J\u00f3\n<\/div>\n<div class=\"link-more\"><a href=\"https:\/\/magyaregres.eu\/index.php\/iranytu\/kozerdeku-adatok\/\" class=\"more-link\">Continue reading<span class=\"screen-reader-text\"> &ldquo;K\u00f6z\u00e9rdek\u0171 adatok&rdquo;<\/span>&hellip;<\/a><\/div>\n","protected":false},"author":1,"featured_media":0,"parent":103,"menu_order":0,"comment_status":"closed","ping_status":"closed","template":"","meta":{"ngg_post_thumbnail":0,"footnotes":""},"class_list":["post-269","page","type-page","status-publish","hentry","entry"],"_links":{"self":[{"href":"https:\/\/magyaregres.eu\/index.php\/wp-json\/wp\/v2\/pages\/269","targetHints":{"allow":["GET"]}}],"collection":[{"href":"https:\/\/magyaregres.eu\/index.php\/wp-json\/wp\/v2\/pages"}],"about":[{"href":"https:\/\/magyaregres.eu\/index.php\/wp-json\/wp\/v2\/types\/page"}],"author":[{"embeddable":true,"href":"https:\/\/magyaregres.eu\/index.php\/wp-json\/wp\/v2\/users\/1"}],"replies":[{"embeddable":true,"href":"https:\/\/magyaregres.eu\/index.php\/wp-json\/wp\/v2\/comments?post=269"}],"version-history":[{"count":12,"href":"https:\/\/magyaregres.eu\/index.php\/wp-json\/wp\/v2\/pages\/269\/revisions"}],"predecessor-version":[{"id":1766,"href":"https:\/\/magyaregres.eu\/index.php\/wp-json\/wp\/v2\/pages\/269\/revisions\/1766"}],"up":[{"embeddable":true,"href":"https:\/\/magyaregres.eu\/index.php\/wp-json\/wp\/v2\/pages\/103"}],"wp:attachment":[{"href":"https:\/\/magyaregres.eu\/index.php\/wp-json\/wp\/v2\/media?parent=269"}],"curies":[{"name":"wp","href":"https:\/\/api.w.org\/{rel}","templated":true}]}}