{"id":40,"date":"2015-04-18T16:15:54","date_gmt":"2015-04-18T16:15:54","guid":{"rendered":"http:\/\/magyaregres.freevar.com\/oldal\/?page_id=40"},"modified":"2020-03-24T07:11:14","modified_gmt":"2020-03-24T07:11:14","slug":"egeszsegugyi-ellatasok","status":"publish","type":"page","link":"https:\/\/magyaregres.eu\/index.php\/iranytu\/egeszsegugy-es-szocialis-ellatasok\/egeszsegugyi-ellatasok\/","title":{"rendered":"Eg\u00e9szs\u00e9g\u00fcgyi ell\u00e1t\u00e1sok"},"content":{"rendered":"<h2 style=\"text-align: center;\"><b>Orvosi rendel\u0151<\/b><\/h2>\n<p>&nbsp;<\/p>\n<p style=\"text-align: center;\">7441 Magyaregres, Szabads\u00e1g t\u00e9r 20.<\/p>\n<p style=\"text-align: center;\">Telefon: 82\/686-518<\/p>\n<p>&nbsp;<\/p>\n<p style=\"text-align: center;\"><strong>Gyerekorvos: Dr. Fintics Kl\u00e1ra<\/strong><\/p>\n<p style=\"text-align: center;\">rendel\u00e9si id\u0151: h\u00e9tf\u0151 11-12 \u00f3r\u00e1ig<\/p>\n<p>&nbsp;<\/p>\n<p style=\"text-align: center;\"><strong>Feln\u0151tt orvos: Dr. Zseni L\u00e1szl\u00f3<\/strong><\/p>\n<p style=\"text-align: center;\">rendel\u00e9si id\u0151: 8-11 \u00f3r\u00e1ig<\/p>\n<p>&nbsp;<\/p>\n","protected":false},"excerpt":{"rendered":"<div class=\"entry-summary\">\nOrvosi rendel\u0151 &nbsp; 7441 Magyaregres, Szabads\u00e1g t\u00e9r 20. Telefon: 82\/686-518 &nbsp; Gyerekorvos: Dr. Fintics Kl\u00e1ra rendel\u00e9si id\u0151: h\u00e9tf\u0151 11-12 \u00f3r\u00e1ig &nbsp; Feln\u0151tt orvos: Dr. Zseni L\u00e1szl\u00f3 rendel\u00e9si id\u0151: 8-11 \u00f3r\u00e1ig &nbsp;\n<\/div>\n<div class=\"link-more\"><a href=\"https:\/\/magyaregres.eu\/index.php\/iranytu\/egeszsegugy-es-szocialis-ellatasok\/egeszsegugyi-ellatasok\/\" class=\"more-link\">Continue reading<span class=\"screen-reader-text\"> &ldquo;Eg\u00e9szs\u00e9g\u00fcgyi ell\u00e1t\u00e1sok&rdquo;<\/span>&hellip;<\/a><\/div>\n","protected":false},"author":1,"featured_media":0,"parent":37,"menu_order":1,"comment_status":"closed","ping_status":"closed","template":"","meta":{"ngg_post_thumbnail":0,"footnotes":""},"class_list":["post-40","page","type-page","status-publish","hentry","entry"],"_links":{"self":[{"href":"https:\/\/magyaregres.eu\/index.php\/wp-json\/wp\/v2\/pages\/40","targetHints":{"allow":["GET"]}}],"collection":[{"href":"https:\/\/magyaregres.eu\/index.php\/wp-json\/wp\/v2\/pages"}],"about":[{"href":"https:\/\/magyaregres.eu\/index.php\/wp-json\/wp\/v2\/types\/page"}],"author":[{"embeddable":true,"href":"https:\/\/magyaregres.eu\/index.php\/wp-json\/wp\/v2\/users\/1"}],"replies":[{"embeddable":true,"href":"https:\/\/magyaregres.eu\/index.php\/wp-json\/wp\/v2\/comments?post=40"}],"version-history":[{"count":2,"href":"https:\/\/magyaregres.eu\/index.php\/wp-json\/wp\/v2\/pages\/40\/revisions"}],"predecessor-version":[{"id":1337,"href":"https:\/\/magyaregres.eu\/index.php\/wp-json\/wp\/v2\/pages\/40\/revisions\/1337"}],"up":[{"embeddable":true,"href":"https:\/\/magyaregres.eu\/index.php\/wp-json\/wp\/v2\/pages\/37"}],"wp:attachment":[{"href":"https:\/\/magyaregres.eu\/index.php\/wp-json\/wp\/v2\/media?parent=40"}],"curies":[{"name":"wp","href":"https:\/\/api.w.org\/{rel}","templated":true}]}}