{"id":46,"date":"2015-04-18T16:18:38","date_gmt":"2015-04-18T16:18:38","guid":{"rendered":"http:\/\/magyaregres.freevar.com\/oldal\/?page_id=46"},"modified":"2015-06-04T11:27:00","modified_gmt":"2015-06-04T11:27:00","slug":"muvelodes-egyhaz","status":"publish","type":"page","link":"https:\/\/magyaregres.eu\/index.php\/iranytu\/muvelodes-egyhaz\/","title":{"rendered":"M\u0171vel\u0151d\u00e9s, egyh\u00e1z"},"content":{"rendered":"<ul>\n<li><span style=\"color: #ffffff;\"><a style=\"color: #ffffff;\" href=\"http:\/\/magyaregres.eu\/index.php\/muvelodes-egyhaz\/muvelodes-kultura\/\">M\u0171vel\u0151d\u00e9s, kult\u00fara<\/a><\/span><\/li>\n<li><span style=\"color: #ffffff;\"><a style=\"color: #ffffff;\" href=\"http:\/\/magyaregres.eu\/index.php\/muvelodes-egyhaz\/magyaregres-temploma-es-egyhazkozsege\/\">Magyaregres temploma \u00e9s egyh\u00e1zk\u00f6zs\u00e9ge<\/a><\/span><\/li>\n<\/ul>\n","protected":false},"excerpt":{"rendered":"<div class=\"entry-summary\">\nM\u0171vel\u0151d\u00e9s, kult\u00fara Magyaregres temploma \u00e9s egyh\u00e1zk\u00f6zs\u00e9ge\n<\/div>\n<div class=\"link-more\"><a href=\"https:\/\/magyaregres.eu\/index.php\/iranytu\/muvelodes-egyhaz\/\" class=\"more-link\">Continue reading<span class=\"screen-reader-text\"> &ldquo;M\u0171vel\u0151d\u00e9s, egyh\u00e1z&rdquo;<\/span>&hellip;<\/a><\/div>\n","protected":false},"author":1,"featured_media":0,"parent":103,"menu_order":5,"comment_status":"closed","ping_status":"closed","template":"","meta":{"ngg_post_thumbnail":0,"footnotes":""},"class_list":["post-46","page","type-page","status-publish","hentry","entry"],"_links":{"self":[{"href":"https:\/\/magyaregres.eu\/index.php\/wp-json\/wp\/v2\/pages\/46","targetHints":{"allow":["GET"]}}],"collection":[{"href":"https:\/\/magyaregres.eu\/index.php\/wp-json\/wp\/v2\/pages"}],"about":[{"href":"https:\/\/magyaregres.eu\/index.php\/wp-json\/wp\/v2\/types\/page"}],"author":[{"embeddable":true,"href":"https:\/\/magyaregres.eu\/index.php\/wp-json\/wp\/v2\/users\/1"}],"replies":[{"embeddable":true,"href":"https:\/\/magyaregres.eu\/index.php\/wp-json\/wp\/v2\/comments?post=46"}],"version-history":[{"count":1,"href":"https:\/\/magyaregres.eu\/index.php\/wp-json\/wp\/v2\/pages\/46\/revisions"}],"predecessor-version":[{"id":95,"href":"https:\/\/magyaregres.eu\/index.php\/wp-json\/wp\/v2\/pages\/46\/revisions\/95"}],"up":[{"embeddable":true,"href":"https:\/\/magyaregres.eu\/index.php\/wp-json\/wp\/v2\/pages\/103"}],"wp:attachment":[{"href":"https:\/\/magyaregres.eu\/index.php\/wp-json\/wp\/v2\/media?parent=46"}],"curies":[{"name":"wp","href":"https:\/\/api.w.org\/{rel}","templated":true}]}}